{"id":245,"date":"2020-04-15T12:52:27","date_gmt":"2020-04-15T12:52:27","guid":{"rendered":"https:\/\/itcbs.de\/?page_id=245"},"modified":"2020-07-13T18:13:06","modified_gmt":"2020-07-13T18:13:06","slug":"home-office","status":"publish","type":"page","link":"https:\/\/itcbs.de\/?page_id=245","title":{"rendered":"[ HomeOffice ]"},"content":{"rendered":"\n<h2 class=\"wp-block-heading\">Flexible Vernetzung der Mitarbeiter \u00fcber verschl\u00fcsselte Verbindungen zur Firmenzentrale oder Niederlassung.<\/h2>\n\n\n\n<figure class=\"wp-block-image size-large\"><img loading=\"lazy\" decoding=\"async\" width=\"1024\" height=\"457\" src=\"https:\/\/itcbs.de\/wp-content\/uploads\/2020\/04\/IT_HomeOffice-1024x457.jpg\" alt=\"\" class=\"wp-image-258\" srcset=\"https:\/\/itcbs.de\/wp-content\/uploads\/2020\/04\/IT_HomeOffice-1024x457.jpg 1024w, https:\/\/itcbs.de\/wp-content\/uploads\/2020\/04\/IT_HomeOffice-300x134.jpg 300w, https:\/\/itcbs.de\/wp-content\/uploads\/2020\/04\/IT_HomeOffice-768x343.jpg 768w, https:\/\/itcbs.de\/wp-content\/uploads\/2020\/04\/IT_HomeOffice-1536x686.jpg 1536w, https:\/\/itcbs.de\/wp-content\/uploads\/2020\/04\/IT_HomeOffice-830x370.jpg 830w, https:\/\/itcbs.de\/wp-content\/uploads\/2020\/04\/IT_HomeOffice-230x103.jpg 230w, https:\/\/itcbs.de\/wp-content\/uploads\/2020\/04\/IT_HomeOffice-350x156.jpg 350w, https:\/\/itcbs.de\/wp-content\/uploads\/2020\/04\/IT_HomeOffice-480x214.jpg 480w, https:\/\/itcbs.de\/wp-content\/uploads\/2020\/04\/IT_HomeOffice.jpg 1920w\" sizes=\"auto, (max-width: 1024px) 100vw, 1024px\" \/><\/figure>\n\n\n\n<p>Teilzeit, eingeschr\u00e4nkte Mobilit\u00e4t oder Au\u00dfendienst&#8230; die Gr\u00fcnde f\u00fcr flexible Einwahlen von au\u00dferhalb sind vielseitig und sollten vorbereitet sein, selbst wenn es nicht der regelm\u00e4\u00dfige Einsatz ist.<br>Wir erm\u00f6glichen die Nutzung von E-Mail, SmartPhone, Fileserver, Video-Konferenzen und Nutzung der Telefonanlage im Home-Office f\u00fcr Ihre Mitarbeiter. Hierbei werden die Kommunikationswege f\u00fcr die Kollegen und Ihre Kunden nicht ver\u00e4ndert. Diese Vernetzung macht Ihr Unternehmen hocheffizient.<\/p>\n","protected":false},"excerpt":{"rendered":"<p>Flexible Vernetzung der Mitarbeiter \u00fcber verschl\u00fcsselte Verbindungen zur Firmenzentrale oder Niederlassung. Teilzeit, eingeschr\u00e4nkte Mobilit\u00e4t oder Au\u00dfendienst&#8230; die Gr\u00fcnde f\u00fcr flexible Einwahlen von [&hellip;]<\/p>\n","protected":false},"author":1,"featured_media":0,"parent":0,"menu_order":0,"comment_status":"closed","ping_status":"closed","template":"","meta":{"footnotes":""},"class_list":["post-245","page","type-page","status-publish","hentry"],"_links":{"self":[{"href":"https:\/\/itcbs.de\/index.php?rest_route=\/wp\/v2\/pages\/245","targetHints":{"allow":["GET"]}}],"collection":[{"href":"https:\/\/itcbs.de\/index.php?rest_route=\/wp\/v2\/pages"}],"about":[{"href":"https:\/\/itcbs.de\/index.php?rest_route=\/wp\/v2\/types\/page"}],"author":[{"embeddable":true,"href":"https:\/\/itcbs.de\/index.php?rest_route=\/wp\/v2\/users\/1"}],"replies":[{"embeddable":true,"href":"https:\/\/itcbs.de\/index.php?rest_route=%2Fwp%2Fv2%2Fcomments&post=245"}],"version-history":[{"count":9,"href":"https:\/\/itcbs.de\/index.php?rest_route=\/wp\/v2\/pages\/245\/revisions"}],"predecessor-version":[{"id":346,"href":"https:\/\/itcbs.de\/index.php?rest_route=\/wp\/v2\/pages\/245\/revisions\/346"}],"wp:attachment":[{"href":"https:\/\/itcbs.de\/index.php?rest_route=%2Fwp%2Fv2%2Fmedia&parent=245"}],"curies":[{"name":"wp","href":"https:\/\/api.w.org\/{rel}","templated":true}]}}