{"id":7,"date":"2020-02-21T08:57:45","date_gmt":"2020-02-21T08:57:45","guid":{"rendered":"http:\/\/itcbs.de\/?page_id=7"},"modified":"2020-04-15T12:16:11","modified_gmt":"2020-04-15T12:16:11","slug":"itcbs-it-consulting-business-services","status":"publish","type":"page","link":"https:\/\/itcbs.de\/","title":{"rendered":"ITCBS &#8211; IT Consulting Business Services"},"content":{"rendered":"\n<h2 class=\"wp-block-heading\">Die ITCBS GmbH erbringt technische und organisatorische Beratung von Informations-, Kommunikations- und Sicherheitstechnologien, Business Consulting, digitale Dienstleistungen und Projektmanagement.<\/h2>\n\n\n\n<figure class=\"wp-block-image size-large\"><img loading=\"lazy\" decoding=\"async\" width=\"1024\" height=\"457\" src=\"https:\/\/itcbs.de\/wp-content\/uploads\/2020\/03\/IT_World-1024x457.jpg\" alt=\"\" class=\"wp-image-206\" srcset=\"https:\/\/itcbs.de\/wp-content\/uploads\/2020\/03\/IT_World-1024x457.jpg 1024w, https:\/\/itcbs.de\/wp-content\/uploads\/2020\/03\/IT_World-300x134.jpg 300w, https:\/\/itcbs.de\/wp-content\/uploads\/2020\/03\/IT_World-768x343.jpg 768w, https:\/\/itcbs.de\/wp-content\/uploads\/2020\/03\/IT_World-1536x686.jpg 1536w, https:\/\/itcbs.de\/wp-content\/uploads\/2020\/03\/IT_World-830x370.jpg 830w, https:\/\/itcbs.de\/wp-content\/uploads\/2020\/03\/IT_World-230x103.jpg 230w, https:\/\/itcbs.de\/wp-content\/uploads\/2020\/03\/IT_World-350x156.jpg 350w, https:\/\/itcbs.de\/wp-content\/uploads\/2020\/03\/IT_World-480x214.jpg 480w, https:\/\/itcbs.de\/wp-content\/uploads\/2020\/03\/IT_World.jpg 1920w\" sizes=\"auto, (max-width: 1024px) 100vw, 1024px\" \/><\/figure>\n\n\n\n<p> Die ITCBS GmbH ist Ihr zuverl\u00e4ssiger Partner f\u00fcr alle Belange rund um Ihre Computer, Server und Kommunikationseinrichtungen.   Wir stehen Ihnen in allen Fragen zu EDV und IT als Berater zur Verf\u00fcgung. Bei uns erhalten Sie einen pers\u00f6nlichen Ansprechpartner und einen Zugang zu unserem Supportsystem, so dass alle Ihre Anfragen pers\u00f6nlich, schnell und kompetent beantwortet werden.  <\/p>\n\n\n\n<ul class=\"wp-block-list\"><li>Netzwerkbetreuung, Shaping, VLANs<\/li><li>Server- \/ Client Strukturen mit Active Directory oder DSM-Systemen<\/li><li>FileShare und SharePoint Verwaltung<\/li><li>Outlook \/ Exchange Strukturen<\/li><li>Smartphone und Tablet Anbindung<\/li><li>VPN &#8211; Einbindung f\u00fcr Reisende, Homearbeitspl\u00e4tze und Vernetzung von Filialen<\/li><li>VoIP L\u00f6sungen f\u00fcr Telekommunikationssysteme, Videot\u00fcrstationen<\/li><li>Integration von Zutrittskontrolle<\/li><li> Integration von IP-Cams mit Network Video Recorder als Surveillance L\u00f6sung<\/li><li>ERP-Systeme<\/li><li>Content Management Systeme zur Selbstverwaltung und Pflege von Inhalten der Homepage<\/li><li>Dokumentenverwaltungssysteme, Digitalisierung und Scanverwaltung<\/li><li>Programmierungen von Datenbanken<\/li><\/ul>\n","protected":false},"excerpt":{"rendered":"<p>Die ITCBS GmbH erbringt technische und organisatorische Beratung von Informations-, Kommunikations- und Sicherheitstechnologien, Business Consulting, digitale Dienstleistungen und Projektmanagement. Die ITCBS GmbH [&hellip;]<\/p>\n","protected":false},"author":1,"featured_media":0,"parent":0,"menu_order":0,"comment_status":"closed","ping_status":"closed","template":"","meta":{"footnotes":""},"class_list":["post-7","page","type-page","status-publish","hentry"],"_links":{"self":[{"href":"https:\/\/itcbs.de\/index.php?rest_route=\/wp\/v2\/pages\/7","targetHints":{"allow":["GET"]}}],"collection":[{"href":"https:\/\/itcbs.de\/index.php?rest_route=\/wp\/v2\/pages"}],"about":[{"href":"https:\/\/itcbs.de\/index.php?rest_route=\/wp\/v2\/types\/page"}],"author":[{"embeddable":true,"href":"https:\/\/itcbs.de\/index.php?rest_route=\/wp\/v2\/users\/1"}],"replies":[{"embeddable":true,"href":"https:\/\/itcbs.de\/index.php?rest_route=%2Fwp%2Fv2%2Fcomments&post=7"}],"version-history":[{"count":15,"href":"https:\/\/itcbs.de\/index.php?rest_route=\/wp\/v2\/pages\/7\/revisions"}],"predecessor-version":[{"id":239,"href":"https:\/\/itcbs.de\/index.php?rest_route=\/wp\/v2\/pages\/7\/revisions\/239"}],"wp:attachment":[{"href":"https:\/\/itcbs.de\/index.php?rest_route=%2Fwp%2Fv2%2Fmedia&parent=7"}],"curies":[{"name":"wp","href":"https:\/\/api.w.org\/{rel}","templated":true}]}}