{"id":76,"date":"2020-02-26T09:58:00","date_gmt":"2020-02-26T09:58:00","guid":{"rendered":"http:\/\/itcbs.de\/?page_id=76"},"modified":"2020-04-15T12:18:18","modified_gmt":"2020-04-15T12:18:18","slug":"consulting-analyze","status":"publish","type":"page","link":"https:\/\/itcbs.de\/?page_id=76","title":{"rendered":"[ consulting ] &#8211; analyze"},"content":{"rendered":"\n<h2 class=\"wp-block-heading\">Innovative und zuverl\u00e4ssige Informationstechnologie ist die Grundlage f\u00fcr Ihren wirtschaftlichen Erfolg. Die ITCBS GmbH erbringt mit langj\u00e4hriger Erfahrung als IT-Dienstleister Beratung, um Strukturen und Prozesse zu rationalisieren. Das Verst\u00e4ndnis f\u00fcr bestehende Gesch\u00e4ftsabl\u00e4ufe und die Integration der passenden Technologie zeichnen unsere Leistung aus.<\/h2>\n\n\n\n<figure class=\"wp-block-image size-large\"><img loading=\"lazy\" decoding=\"async\" width=\"1024\" height=\"457\" src=\"https:\/\/itcbs.de\/wp-content\/uploads\/2020\/03\/IT_Consulting-1024x457.jpg\" alt=\"\" class=\"wp-image-196\" srcset=\"https:\/\/itcbs.de\/wp-content\/uploads\/2020\/03\/IT_Consulting-1024x457.jpg 1024w, https:\/\/itcbs.de\/wp-content\/uploads\/2020\/03\/IT_Consulting-300x134.jpg 300w, https:\/\/itcbs.de\/wp-content\/uploads\/2020\/03\/IT_Consulting-768x343.jpg 768w, https:\/\/itcbs.de\/wp-content\/uploads\/2020\/03\/IT_Consulting-1536x686.jpg 1536w, https:\/\/itcbs.de\/wp-content\/uploads\/2020\/03\/IT_Consulting-830x370.jpg 830w, https:\/\/itcbs.de\/wp-content\/uploads\/2020\/03\/IT_Consulting-230x103.jpg 230w, https:\/\/itcbs.de\/wp-content\/uploads\/2020\/03\/IT_Consulting-350x156.jpg 350w, https:\/\/itcbs.de\/wp-content\/uploads\/2020\/03\/IT_Consulting-480x214.jpg 480w, https:\/\/itcbs.de\/wp-content\/uploads\/2020\/03\/IT_Consulting.jpg 1920w\" sizes=\"auto, (max-width: 1024px) 100vw, 1024px\" \/><\/figure>\n\n\n\n<div class=\"wp-block-group\"><div class=\"wp-block-group__inner-container is-layout-flow wp-block-group-is-layout-flow\">\n<h2 class=\"wp-block-heading\">Technische und organisatorische Beratung der IT-Struktur<\/h2>\n\n\n\n<p>Eine Ist-Aufnahme der Informationsfl\u00fcsse, vorhandener Hard- und Software und der Mitarbeiterressourcen stellt die Daten zur Verf\u00fcgung, um Prozessl\u00fccken und -verz\u00f6gerungen aufzuzeigen. Die Aufbereitung der gewonnen Definitionen in einer Datenbank geben einen \u00dcberblick und den Ansatz neuer L\u00f6sungen, die als externer Dienstleister besser und schneller erkannt werden. Durch die Vernetzung und Verk\u00fcrzung der ermittelten Workflows und dem Einsatz effizienter Technik ergeben sich Einsparpotenziale und damit eine Produktivit\u00e4tssteigerung, die wir f\u00fcr Sie ermitteln.<\/p>\n<\/div><\/div>\n\n\n\n<h2 class=\"wp-block-heading\">Konzepte f\u00fcr die Datenaufbereitung<\/h2>\n\n\n\n<p>Viele Daten werden oft umst\u00e4ndlich analysiert, weil dem Bereich angepasste Tools und Datenbankstrukturen fehlen, um die Aufbereitung der Daten effizient zu automatisieren. Durch individuelle Ausarbeitung der relativen Abh\u00e4ngigkeiten Ihrer Daten bringen wir Rationalisierungsma\u00dfnahmen auf den Weg, die auch eine Skalierbarkeit f\u00fcr die Zukunft erm\u00f6glichen. Mit der Programmierung geeigneter Frontends zu zentralen Datenbanken wird Ihre Datenaufbereitung standardisiert und Fehleranf\u00e4lligkeiten reduziert. Eine begleitende Dokumentation fertigen wir f\u00fcr unsere Kunden an.<\/p>\n\n\n\n<h2 class=\"wp-block-heading\">Sicherheitsberatung<\/h2>\n\n\n\n<p>Die Abh\u00e4ngigkeit von der Informationstechnologie in jedem Bereich des Lebens macht eine Sicherheitsberatung unumg\u00e4nglich. Die Erfahrungen bei unserer Klientel haben uns aufgezeigt, wo die Schwachstellen sitzen. Durch geeignete Schutzmechanismen k\u00f6nnen wir Ihre Sicherheit erh\u00f6hen. Die Schulung der Unternehmensmitarbeiter und die Definition von Sicherheitsrichtlinien spielen eine zentrale Rolle. Die Umsetzung schutzw\u00fcrdiger Daten in ein Berechtigungskonzept minimieren die Gefahr der Datenabwanderung. Datenverluste k\u00f6nnen wir durch mehrstufige Sicherungsma\u00dfnahmen abgefangen.<\/p>\n","protected":false},"excerpt":{"rendered":"<p>Innovative und zuverl\u00e4ssige Informationstechnologie ist die Grundlage f\u00fcr Ihren wirtschaftlichen Erfolg. Die ITCBS GmbH erbringt mit langj\u00e4hriger Erfahrung als IT-Dienstleister Beratung, um [&hellip;]<\/p>\n","protected":false},"author":1,"featured_media":0,"parent":0,"menu_order":0,"comment_status":"closed","ping_status":"closed","template":"","meta":{"footnotes":""},"class_list":["post-76","page","type-page","status-publish","hentry"],"_links":{"self":[{"href":"https:\/\/itcbs.de\/index.php?rest_route=\/wp\/v2\/pages\/76","targetHints":{"allow":["GET"]}}],"collection":[{"href":"https:\/\/itcbs.de\/index.php?rest_route=\/wp\/v2\/pages"}],"about":[{"href":"https:\/\/itcbs.de\/index.php?rest_route=\/wp\/v2\/types\/page"}],"author":[{"embeddable":true,"href":"https:\/\/itcbs.de\/index.php?rest_route=\/wp\/v2\/users\/1"}],"replies":[{"embeddable":true,"href":"https:\/\/itcbs.de\/index.php?rest_route=%2Fwp%2Fv2%2Fcomments&post=76"}],"version-history":[{"count":10,"href":"https:\/\/itcbs.de\/index.php?rest_route=\/wp\/v2\/pages\/76\/revisions"}],"predecessor-version":[{"id":241,"href":"https:\/\/itcbs.de\/index.php?rest_route=\/wp\/v2\/pages\/76\/revisions\/241"}],"wp:attachment":[{"href":"https:\/\/itcbs.de\/index.php?rest_route=%2Fwp%2Fv2%2Fmedia&parent=76"}],"curies":[{"name":"wp","href":"https:\/\/api.w.org\/{rel}","templated":true}]}}