{"id":89,"date":"2020-03-10T09:00:38","date_gmt":"2020-03-10T09:00:38","guid":{"rendered":"http:\/\/itcbs.de\/?page_id=89"},"modified":"2020-04-15T12:17:47","modified_gmt":"2020-04-15T12:17:47","slug":"business-execute","status":"publish","type":"page","link":"https:\/\/itcbs.de\/?page_id=89","title":{"rendered":"[ business ] &#8211; execute"},"content":{"rendered":"\n<h3 class=\"wp-block-heading\">Netzwerke sind die Basis von Kommunikation und Informationsaustausch. Die Verf\u00fcgbarkeit und Wirtschaftlichkeit sind der elementarer Faktor Ihres gesch\u00e4ftlichen Erfolgs. <\/h3>\n\n\n\n<figure class=\"wp-block-image size-large\"><img loading=\"lazy\" decoding=\"async\" width=\"1024\" height=\"457\" src=\"https:\/\/itcbs.de\/wp-content\/uploads\/2020\/03\/IT_Business-1024x457.jpg\" alt=\"\" class=\"wp-image-192\" srcset=\"https:\/\/itcbs.de\/wp-content\/uploads\/2020\/03\/IT_Business-1024x457.jpg 1024w, https:\/\/itcbs.de\/wp-content\/uploads\/2020\/03\/IT_Business-300x134.jpg 300w, https:\/\/itcbs.de\/wp-content\/uploads\/2020\/03\/IT_Business-768x343.jpg 768w, https:\/\/itcbs.de\/wp-content\/uploads\/2020\/03\/IT_Business-1536x686.jpg 1536w, https:\/\/itcbs.de\/wp-content\/uploads\/2020\/03\/IT_Business-830x370.jpg 830w, https:\/\/itcbs.de\/wp-content\/uploads\/2020\/03\/IT_Business-230x103.jpg 230w, https:\/\/itcbs.de\/wp-content\/uploads\/2020\/03\/IT_Business-350x156.jpg 350w, https:\/\/itcbs.de\/wp-content\/uploads\/2020\/03\/IT_Business-480x214.jpg 480w, https:\/\/itcbs.de\/wp-content\/uploads\/2020\/03\/IT_Business.jpg 1920w\" sizes=\"auto, (max-width: 1024px) 100vw, 1024px\" \/><\/figure>\n\n\n\n<h2 class=\"wp-block-heading\"> Planung und Realisierung von heterogenen Netzen <\/h2>\n\n\n\n<p>Serverstrukturen basiert auf Linux, Ubuntu, DSM, und Windows Server Familie planen wir f\u00fcr Ihre Windows und Ubuntu Clients zu einer preisbewussten und benutzerfreundlichen Kombination einer Netzwerkarchitektur, Unter Ber\u00fccksichtigung der St\u00e4rken und Schw\u00e4chen dieser Systeme wird eine Umgebung geschaffen, die einer einseitigen Ausrichtung weit \u00fcberlegen ist. Sicherheit, Kosten und Anwenderfreundlichkeit werden so optimiert. Die weltweite Einwahl mittels VPN erm\u00f6glicht den gesicherten Zugriff auf Terminplanung, Email und den Laufwerken der Mitarbeiter. SharePoint erweitert ihr Intranet zum Extranet und bietet einem Team Zugriff auf Dokumente und Prozesse ohne Zeitverlust. Die Vernetzung geografisch entfernter Standorte wird von uns mit verschl\u00fcsselten Internetverbindungen kostenbewusst und performant umgesetzt. <\/p>\n\n\n\n<h2 class=\"wp-block-heading\">Standardisierung von Clientsystemen<\/h2>\n\n\n\n<p>Ein Image, welches den gemeinsamen Nenner der Hardware- und Softwaresituation des Betriebes gerecht wird, erm\u00f6glicht die Skalierbarkeit der Netzwerkarchitektur auf Clientseite. Jeder Anwender ist flexibel im Unternehmen einsetzbar ohne lange Vorplanung des einzelnen Arbeitsplatzes. Die Standardisierung von Clientsystemen f\u00fchrt zur Minimierung von Arbeitsunterbrechung und damit zur Einsparung von Kosten. Sondersoftware kann zentral und schnell verteilt werden. Wir entwickeln Ihnen penibel ein Clientimage mit hoher Sorgfalt. Nach umfangreichen Pr\u00fcfungen k\u00f6nnen Sie die Vorteile des Klonen in Anspruch nehmen.<\/p>\n\n\n\n<h2 class=\"wp-block-heading\">Serverstrukturen<\/h2>\n\n\n\n<p>Cluster-L\u00f6sungen minimieren die Auswirkungen bei ungeplanten Ausf\u00e4llen wie Fehlern in Hardware, Software oder Administration sowie geplanten Abschaltungen f\u00fcr Wartungsarbeiten. Durch die kontinuierlich sichergestellte Verf\u00fcgbarkeit werden Arbeitsausf\u00e4lle und entsprechend Folgekosten f\u00fcrs Unternehmen vermieden. Um dem Stillstand des Gesamtsystems vorzubeugen, werden wichtige Komponenten mehrfach ausgelegt. Durch die Erstellung dieser Redundanz gew\u00e4hrleisten wir die Gesamtfunktion auch beim Ausfall einzelner Komponenten. S\u00e4mtliche Funktionen des Systems werden dazu kontinuierlich \u00fcberwacht. Fehlerhafte Teile lassen sich automatisch ausschalten und die entsprechenden Ersatzkomponenten dann aktivieren. Mit dem Aufbau von geclusterten Serverfarmen wird ihre IT-Struktur skalierbar und durch flexible Lastverteilung optimiert.<\/p>\n\n\n\n<h2 class=\"wp-block-heading\">Dokumentationen<\/h2>\n\n\n\n<p>Jedes Konzept wird von uns mit einer Dokumentation begleitet, damit auch jederzeit Strukturen nachvollziehbar bleiben. Einzelne Elemente lassen sich so modernisieren ohne ein bew\u00e4hrtes System \u00fcber Bord zu werfen. Der schnellen Entwicklung werden wir so nachhaltig gerecht. Eine sp\u00e4tere Wiederaufnahme und Weiterf\u00fchrung unserer Projekte ist damit einfach m\u00f6glich.<\/p>\n","protected":false},"excerpt":{"rendered":"<p>Netzwerke sind die Basis von Kommunikation und Informationsaustausch. Die Verf\u00fcgbarkeit und Wirtschaftlichkeit sind der elementarer Faktor Ihres gesch\u00e4ftlichen Erfolgs. Planung und Realisierung [&hellip;]<\/p>\n","protected":false},"author":1,"featured_media":0,"parent":0,"menu_order":0,"comment_status":"closed","ping_status":"closed","template":"","meta":{"footnotes":""},"class_list":["post-89","page","type-page","status-publish","hentry"],"_links":{"self":[{"href":"https:\/\/itcbs.de\/index.php?rest_route=\/wp\/v2\/pages\/89","targetHints":{"allow":["GET"]}}],"collection":[{"href":"https:\/\/itcbs.de\/index.php?rest_route=\/wp\/v2\/pages"}],"about":[{"href":"https:\/\/itcbs.de\/index.php?rest_route=\/wp\/v2\/types\/page"}],"author":[{"embeddable":true,"href":"https:\/\/itcbs.de\/index.php?rest_route=\/wp\/v2\/users\/1"}],"replies":[{"embeddable":true,"href":"https:\/\/itcbs.de\/index.php?rest_route=%2Fwp%2Fv2%2Fcomments&post=89"}],"version-history":[{"count":7,"href":"https:\/\/itcbs.de\/index.php?rest_route=\/wp\/v2\/pages\/89\/revisions"}],"predecessor-version":[{"id":240,"href":"https:\/\/itcbs.de\/index.php?rest_route=\/wp\/v2\/pages\/89\/revisions\/240"}],"wp:attachment":[{"href":"https:\/\/itcbs.de\/index.php?rest_route=%2Fwp%2Fv2%2Fmedia&parent=89"}],"curies":[{"name":"wp","href":"https:\/\/api.w.org\/{rel}","templated":true}]}}